{"id":95,"date":"2023-04-30T19:25:29","date_gmt":"2023-04-30T17:25:29","guid":{"rendered":"https:\/\/www.pss.ma\/?page_id=95"},"modified":"2023-10-31T22:26:50","modified_gmt":"2023-10-31T21:26:50","slug":"cours-de-communication","status":"publish","type":"page","link":"https:\/\/www.pss.ma\/index.php\/cours-de-communication\/","title":{"rendered":"Cours de communication"},"content":{"rendered":"\n<p>Bienvenue aux cours de communication de <em>Premium Student Services<\/em> !<\/p>\n\n\n\n<p><strong>D\u00e9couvrez notre programme de communication :<\/strong><\/p>\n\n\n\n<p><strong>Niveaux propos\u00e9s :<\/strong><\/p>\n\n\n\n<ul class=\"wp-block-list\">\n<li>D\u00e9butants<\/li>\n\n\n\n<li>Interm\u00e9diaires<\/li>\n\n\n\n<li>Avanc\u00e9s<\/li>\n<\/ul>\n\n\n\n<p><strong>Destin\u00e9s \u00e0 :<\/strong><\/p>\n\n\n\n<ul class=\"wp-block-list\">\n<li>Enfants \u00e0 partir de 6 ans<\/li>\n\n\n\n<li>Juniors \u00e0 partir de 10 ans<\/li>\n\n\n\n<li>Adultes<\/li>\n\n\n\n<li>Personnel des entreprises<\/li>\n<\/ul>\n\n\n\n<p><strong>Ce que nous offrons :<\/strong><\/p>\n\n\n\n<p>Les cours de communication de Premium Student Services sont con\u00e7us pour d\u00e9velopper et am\u00e9liorer les comp\u00e9tences en communication orale et \u00e9crite en anglais, quels que soient votre \u00e2ge ou votre niveau linguistique. L&#8217;objectif principal de Premium Student Services est de vous donner la confiance et les comp\u00e9tences n\u00e9cessaires pour vous exprimer dans une vari\u00e9t\u00e9 de situations de la vie quotidienne.<\/p>\n\n\n\n<p><strong>Nos atouts :<\/strong><\/p>\n\n\n\n<ul class=\"wp-block-list\">\n<li><strong>Supports p\u00e9dagogiques efficaces :<\/strong> Les cours de Premium Student Services sont accompagn\u00e9s de ressources p\u00e9dagogiques de qualit\u00e9, adapt\u00e9es aux situations du quotidien.<\/li>\n\n\n\n<li><strong>Technologie \u00e9ducative :<\/strong> Premium Student Services int\u00e8gre des outils technologiques pour optimiser votre exp\u00e9rience d&#8217;apprentissage et vous aider \u00e0 atteindre vos objectifs.<\/li>\n<\/ul>\n\n\n\n<p>Rejoignez-nous pour <strong>d\u00e9velopper<\/strong> vos comp\u00e9tences en <strong>communication<\/strong>, <strong>gagner<\/strong> en <strong>confiance<\/strong> et <strong>r\u00e9ussir<\/strong> dans un monde de plus en plus connect\u00e9.<\/p>\n\n\n\n<p><strong>Inscrivez-vous<\/strong> en remplissant notre formulaire de <a href=\"https:\/\/www.pss.ma\/index.php\/contact\/\">contact<\/a> en ligne, en appelant l&#8217;un des num\u00e9ros indiqu\u00e9s sur notre page d&#8217;<a href=\"https:\/\/www.pss.ma\/\">accueil<\/a> ou en passant directement \u00e0 notre centre.<\/p>\n\n\n\n<p>Ne manquez pas cette opportunit\u00e9 de lib\u00e9rer votre potentiel en communication en anglais avec <em>Premium Student Services<\/em> !<\/p>\n","protected":false},"excerpt":{"rendered":"<p>Bienvenue aux cours de communication de Premium Student Services ! D\u00e9couvrez notre programme de communication : Niveaux propos\u00e9s : Destin\u00e9s \u00e0 : Ce que nous offrons : Les cours de communication de Premium Student Services sont con\u00e7us pour d\u00e9velopper et am\u00e9liorer les comp\u00e9tences en communication orale et \u00e9crite en anglais, quels que soient votre \u00e2ge [&hellip;]<\/p>\n","protected":false},"author":1,"featured_media":0,"parent":0,"menu_order":0,"comment_status":"closed","ping_status":"closed","template":"","meta":{"_seopress_robots_primary_cat":"","footnotes":""},"class_list":["post-95","page","type-page","status-publish","hentry"],"_links":{"self":[{"href":"https:\/\/www.pss.ma\/index.php\/wp-json\/wp\/v2\/pages\/95","targetHints":{"allow":["GET"]}}],"collection":[{"href":"https:\/\/www.pss.ma\/index.php\/wp-json\/wp\/v2\/pages"}],"about":[{"href":"https:\/\/www.pss.ma\/index.php\/wp-json\/wp\/v2\/types\/page"}],"author":[{"embeddable":true,"href":"https:\/\/www.pss.ma\/index.php\/wp-json\/wp\/v2\/users\/1"}],"replies":[{"embeddable":true,"href":"https:\/\/www.pss.ma\/index.php\/wp-json\/wp\/v2\/comments?post=95"}],"version-history":[{"count":0,"href":"https:\/\/www.pss.ma\/index.php\/wp-json\/wp\/v2\/pages\/95\/revisions"}],"wp:attachment":[{"href":"https:\/\/www.pss.ma\/index.php\/wp-json\/wp\/v2\/media?parent=95"}],"curies":[{"name":"wp","href":"https:\/\/api.w.org\/{rel}","templated":true}]}}