{"id":92,"date":"2023-04-30T19:25:29","date_gmt":"2023-04-30T17:25:29","guid":{"rendered":"https:\/\/www.pss.ma\/?page_id=92"},"modified":"2023-10-31T22:24:51","modified_gmt":"2023-10-31T21:24:51","slug":"cours-dinformatique-en-anglais","status":"publish","type":"page","link":"https:\/\/www.pss.ma\/index.php\/cours-dinformatique-en-anglais\/","title":{"rendered":"Cours d&#8217;informatique en anglais"},"content":{"rendered":"\n<p>D\u00e9couvrez un Avenir Prometteur avec <em>Premium Student Services<\/em><\/p>\n\n\n\n<p>De nos jours, la ma\u00eetrise de l&#8217;anglais et de l&#8217;informatique demeure essentielle. Chez <em>Premium Student Services<\/em>, nous vous proposons une formation exceptionnelle de l&#8217;informatique en langue anglaise.<\/p>\n\n\n\n<p>Le <strong>programme<\/strong> de Premium Student Services est diversifi\u00e9 et <strong>adapt\u00e9<\/strong> \u00e0 tous les \u00e2ges, que vous soyez <strong>enfant<\/strong>, <strong>junior<\/strong> ou <strong>adulte<\/strong>, y compris le <strong>personnel<\/strong> des <strong>entreprises<\/strong>.<\/p>\n\n\n\n<p>Explorez un monde de possibilit\u00e9s gr\u00e2ce \u00e0 la formation vari\u00e9e de Premium Student Services et d\u00e9couvrez comment l&#8217;anglais combin\u00e9 avec l&#8217;informatique peuvent ouvrir de nouvelles portes dans tous les domaines de la vie.<\/p>\n\n\n\n<p>Pour vous <strong>inscrire<\/strong>, n&#8217;h\u00e9sitez pas \u00e0 remplir notre formulaire de <a href=\"https:\/\/www.pss.ma\/index.php\/contact\/\">contact<\/a>, \u00e0 appeler l&#8217;un des deux num\u00e9ros indiqu\u00e9s sur notre page d&#8217;<a href=\"https:\/\/www.pss.ma\/\">accueil<\/a> ou nous rendre visite au <a href=\"https:\/\/goo.gl\/maps\/HsdG78udwFhMeQpe8\">centre<\/a>.<\/p>\n\n\n\n<p>Pr\u00e9parez-vous \u00e0 un avenir prosp\u00e8re avec <em>Premium Student Services<\/em>.<\/p>\n","protected":false},"excerpt":{"rendered":"<p>D\u00e9couvrez un Avenir Prometteur avec Premium Student Services De nos jours, la ma\u00eetrise de l&#8217;anglais et de l&#8217;informatique demeure essentielle. Chez Premium Student Services, nous vous proposons une formation exceptionnelle de l&#8217;informatique en langue anglaise. Le programme de Premium Student Services est diversifi\u00e9 et adapt\u00e9 \u00e0 tous les \u00e2ges, que vous soyez enfant, junior ou [&hellip;]<\/p>\n","protected":false},"author":1,"featured_media":0,"parent":0,"menu_order":0,"comment_status":"closed","ping_status":"closed","template":"","meta":{"_seopress_robots_primary_cat":"","footnotes":""},"class_list":["post-92","page","type-page","status-publish","hentry"],"_links":{"self":[{"href":"https:\/\/www.pss.ma\/index.php\/wp-json\/wp\/v2\/pages\/92","targetHints":{"allow":["GET"]}}],"collection":[{"href":"https:\/\/www.pss.ma\/index.php\/wp-json\/wp\/v2\/pages"}],"about":[{"href":"https:\/\/www.pss.ma\/index.php\/wp-json\/wp\/v2\/types\/page"}],"author":[{"embeddable":true,"href":"https:\/\/www.pss.ma\/index.php\/wp-json\/wp\/v2\/users\/1"}],"replies":[{"embeddable":true,"href":"https:\/\/www.pss.ma\/index.php\/wp-json\/wp\/v2\/comments?post=92"}],"version-history":[{"count":0,"href":"https:\/\/www.pss.ma\/index.php\/wp-json\/wp\/v2\/pages\/92\/revisions"}],"wp:attachment":[{"href":"https:\/\/www.pss.ma\/index.php\/wp-json\/wp\/v2\/media?parent=92"}],"curies":[{"name":"wp","href":"https:\/\/api.w.org\/{rel}","templated":true}]}}