{"id":91,"date":"2023-04-30T19:25:29","date_gmt":"2023-04-30T17:25:29","guid":{"rendered":"https:\/\/www.pss.ma\/?page_id=91"},"modified":"2023-10-31T22:22:34","modified_gmt":"2023-10-31T21:22:34","slug":"preparation-au-baccalaureat","status":"publish","type":"page","link":"https:\/\/www.pss.ma\/index.php\/preparation-au-baccalaureat\/","title":{"rendered":"Pr\u00e9paration au Baccalaur\u00e9at"},"content":{"rendered":"\n<p>Bienvenue au programme de pr\u00e9paration \u00e0 l&#8217;examen d&#8217;anglais du Baccalaur\u00e9at de <em>Premium Student Services<\/em> !<\/p>\n\n\n\n<p><strong>Ce que nous vous offrons :<\/strong> Au Centre Premium Student Services, notre \u00e9quipe p\u00e9dagogique exp\u00e9riment\u00e9e et hautement qualifi\u00e9e s&#8217;engage \u00e0 fournir une pr\u00e9paration solide et efficace \u00e0 l&#8217;examen d&#8217;anglais du Baccalaur\u00e9at, et ainsi vous garantissant une note d&#8217;excellence.<\/p>\n\n\n\n<p><strong>Objectifs cibl\u00e9s par notre programme :<\/strong><\/p>\n\n\n\n<ol class=\"wp-block-list\">\n<li><strong>Compr\u00e9hension :<\/strong> Enseignement des astuces et m\u00e9thodes ad\u00e9quates pour analyser et traiter les tests d&#8217;examen avec succ\u00e8s et acc\u00e9der aux bonnes r\u00e9ponses.<\/li>\n\n\n\n<li><strong>Vocabulaire :<\/strong> Apprentissage et assimilation du lexique essentiel pour l&#8217;examen et la vie quotidienne.<\/li>\n\n\n\n<li><strong>Grammaire :<\/strong> Familiarisation de l&#8217;\u00e9l\u00e8ve avec toutes les structures grammaticales pertinentes \u00e0 l&#8217;examen et \u00e0 la vie quotidienne, \u00e0 travers des exercices pratiques.<\/li>\n\n\n\n<li><strong>Actes de communication :<\/strong> Pr\u00e9sentations pratiques de toutes les formes de communication, que ce soit \u00e0 l&#8217;\u00e9crit ou \u00e0 l&#8217;oral, indispensables \u00e0 la fois dans la vie quotidienne et pour l&#8217;examen du Baccalaur\u00e9at.<\/li>\n\n\n\n<li><strong>Writing :<\/strong> Vous apprendrez \u00e0 r\u00e9diger divers types de textes, y compris des sujets narratifs, descriptifs, argumentatifs et des lettres de correspondance informelles et formelles.<\/li>\n<\/ol>\n\n\n\n<p>Rejoignez notre programme de <strong>pr\u00e9paration<\/strong> <strong>compl\u00e8te<\/strong> \u00e0 l&#8217;examen d&#8217;<strong>anglais<\/strong> du <strong>Baccalaur\u00e9at<\/strong>. Obtenez la note que vous m\u00e9ritez et ouvrez la porte \u00e0 de futures opportunit\u00e9s acad\u00e9miques et professionnelles. <\/p>\n\n\n\n<p><strong>Inscrivez-vous<\/strong> d\u00e8s maintenant pour garantir votre succ\u00e8s en anglais, que ce soit en passant par le formulaire de <a href=\"https:\/\/www.pss.ma\/index.php\/contact\/\">contact<\/a>, en nous appelant sur l&#8217;un des deux num\u00e9ros de contact indiqu\u00e9s sur la page d&#8217;<a href=\"https:\/\/www.pss.ma\/\">accueil<\/a> ou en vous rendant directement \u00e0 notre centre.<\/p>\n","protected":false},"excerpt":{"rendered":"<p>Bienvenue au programme de pr\u00e9paration \u00e0 l&#8217;examen d&#8217;anglais du Baccalaur\u00e9at de Premium Student Services ! Ce que nous vous offrons : Au Centre Premium Student Services, notre \u00e9quipe p\u00e9dagogique exp\u00e9riment\u00e9e et hautement qualifi\u00e9e s&#8217;engage \u00e0 fournir une pr\u00e9paration solide et efficace \u00e0 l&#8217;examen d&#8217;anglais du Baccalaur\u00e9at, et ainsi vous garantissant une note d&#8217;excellence. Objectifs cibl\u00e9s [&hellip;]<\/p>\n","protected":false},"author":1,"featured_media":0,"parent":0,"menu_order":0,"comment_status":"closed","ping_status":"closed","template":"","meta":{"_seopress_robots_primary_cat":"","footnotes":""},"class_list":["post-91","page","type-page","status-publish","hentry"],"_links":{"self":[{"href":"https:\/\/www.pss.ma\/index.php\/wp-json\/wp\/v2\/pages\/91","targetHints":{"allow":["GET"]}}],"collection":[{"href":"https:\/\/www.pss.ma\/index.php\/wp-json\/wp\/v2\/pages"}],"about":[{"href":"https:\/\/www.pss.ma\/index.php\/wp-json\/wp\/v2\/types\/page"}],"author":[{"embeddable":true,"href":"https:\/\/www.pss.ma\/index.php\/wp-json\/wp\/v2\/users\/1"}],"replies":[{"embeddable":true,"href":"https:\/\/www.pss.ma\/index.php\/wp-json\/wp\/v2\/comments?post=91"}],"version-history":[{"count":0,"href":"https:\/\/www.pss.ma\/index.php\/wp-json\/wp\/v2\/pages\/91\/revisions"}],"wp:attachment":[{"href":"https:\/\/www.pss.ma\/index.php\/wp-json\/wp\/v2\/media?parent=91"}],"curies":[{"name":"wp","href":"https:\/\/api.w.org\/{rel}","templated":true}]}}