{"id":90,"date":"2023-04-30T19:25:29","date_gmt":"2023-04-30T17:25:29","guid":{"rendered":"https:\/\/www.pss.ma\/?page_id=90"},"modified":"2023-10-31T22:19:59","modified_gmt":"2023-10-31T21:19:59","slug":"preparation-ielts","status":"publish","type":"page","link":"https:\/\/www.pss.ma\/index.php\/preparation-ielts\/","title":{"rendered":"Pr\u00e9paration IELTS"},"content":{"rendered":"\n<p>Bienvenue \u00e0 <em>Premium Student Services<\/em>, votre passerelle vers le succ\u00e8s au test <strong>IELTS<\/strong> !<\/p>\n\n\n\n<p><strong>Notre Programme IELTS :<\/strong><\/p>\n\n\n\n<p>Pr\u00e9parez-vous efficacement pour l&#8217;<strong>IELTS Academic<\/strong> ou le <strong>IELTS UK VI<\/strong> avec Premium Student Services. Notre formation compl\u00e8te se compose de plusieurs modules originaux, vous offrant des cours strat\u00e9giques dans les comp\u00e9tences suivantes:<\/p>\n\n\n\n<ul class=\"wp-block-list\">\n<li><strong>Listening<\/strong><\/li>\n\n\n\n<li><strong>Speaking<\/strong><\/li>\n\n\n\n<li><strong>Reading<\/strong><\/li>\n\n\n\n<li><strong>Writing<\/strong><\/li>\n<\/ul>\n\n\n\n<p><strong>Caract\u00e9ristiques cl\u00e9s :<\/strong><\/p>\n\n\n\n<ul class=\"wp-block-list\">\n<li><strong>30 s\u00e9ances pr\u00e9pay\u00e9es :<\/strong> \u00c9tal\u00e9es sur presque 3 mois, chaque s\u00e9ance dure 2 heures. Au total, le programme de <em>Premium Student Services<\/em> vous offre une pr\u00e9paration compl\u00e8te et efficace de 60 heures.<\/li>\n<\/ul>\n\n\n\n<p><strong>Pourquoi choisir l&#8217;IELTS :<\/strong><\/p>\n\n\n\n<p>Le test <strong>IELTS<\/strong> est <strong>reconnu<\/strong> par de nombreuses universit\u00e9s et grandes \u00e9coles anglophones, y compris celles du Royaume-Uni, du Canada, des pays du Golfe, et bien d&#8217;autres. En optant pour le programme de pr\u00e9paration de <em>Premium Student Services<\/em>, vous mettez toutes les chances de votre c\u00f4t\u00e9 pour atteindre vos objectifs acad\u00e9miques et professionnels.<\/p>\n\n\n\n<p><strong>Rejoignez-nous aujourd&#8217;hui :<\/strong><\/p>\n\n\n\n<p>N&#8217;attendez plus pour atteindre le score d&#8217;anglais requis par les \u00e9tablissements sup\u00e9rieurs et ainsi vous faciliter l&#8217;obtention du visa.<\/p>\n\n\n\n<p>Inscrivez-vous d\u00e8s maintenant chez <em>Premium Student Services<\/em> pour une <strong>pr\u00e9paration<\/strong> <strong>IELTS<\/strong> de qualit\u00e9, menant au <strong>succ\u00e8s<\/strong>. Votre avenir commence ici !<\/p>\n\n\n\n<p>Pour vous <strong>inscrire<\/strong>, veuillez passer par notre formulaire de <a href=\"https:\/\/www.pss.ma\/index.php\/contact\/\">contact<\/a> en ligne, appeler l&#8217;un des deux num\u00e9ros indiqu\u00e9s sur notre page d&#8217;<a href=\"https:\/\/www.pss.ma\/\">accueil<\/a> ou vous rendre directement \u00e0 notre centre.<\/p>\n","protected":false},"excerpt":{"rendered":"<p>Bienvenue \u00e0 Premium Student Services, votre passerelle vers le succ\u00e8s au test IELTS ! Notre Programme IELTS : Pr\u00e9parez-vous efficacement pour l&#8217;IELTS Academic ou le IELTS UK VI avec Premium Student Services. Notre formation compl\u00e8te se compose de plusieurs modules originaux, vous offrant des cours strat\u00e9giques dans les comp\u00e9tences suivantes: Caract\u00e9ristiques cl\u00e9s : Pourquoi choisir [&hellip;]<\/p>\n","protected":false},"author":1,"featured_media":0,"parent":0,"menu_order":0,"comment_status":"closed","ping_status":"closed","template":"","meta":{"_seopress_robots_primary_cat":"","footnotes":""},"class_list":["post-90","page","type-page","status-publish","hentry"],"_links":{"self":[{"href":"https:\/\/www.pss.ma\/index.php\/wp-json\/wp\/v2\/pages\/90","targetHints":{"allow":["GET"]}}],"collection":[{"href":"https:\/\/www.pss.ma\/index.php\/wp-json\/wp\/v2\/pages"}],"about":[{"href":"https:\/\/www.pss.ma\/index.php\/wp-json\/wp\/v2\/types\/page"}],"author":[{"embeddable":true,"href":"https:\/\/www.pss.ma\/index.php\/wp-json\/wp\/v2\/users\/1"}],"replies":[{"embeddable":true,"href":"https:\/\/www.pss.ma\/index.php\/wp-json\/wp\/v2\/comments?post=90"}],"version-history":[{"count":0,"href":"https:\/\/www.pss.ma\/index.php\/wp-json\/wp\/v2\/pages\/90\/revisions"}],"wp:attachment":[{"href":"https:\/\/www.pss.ma\/index.php\/wp-json\/wp\/v2\/media?parent=90"}],"curies":[{"name":"wp","href":"https:\/\/api.w.org\/{rel}","templated":true}]}}