{"id":89,"date":"2023-04-30T19:25:29","date_gmt":"2023-04-30T17:25:29","guid":{"rendered":"https:\/\/www.pss.ma\/?page_id=89"},"modified":"2023-10-31T22:17:44","modified_gmt":"2023-10-31T21:17:44","slug":"preparation-toefl","status":"publish","type":"page","link":"https:\/\/www.pss.ma\/index.php\/preparation-toefl\/","title":{"rendered":"Pr\u00e9paration TOEFL"},"content":{"rendered":"\n<p>Bienvenue \u00e0 <em>Premium Student Services<\/em>, votre chemin vers la r\u00e9ussite au test <strong>TOEFL<\/strong> !<\/p>\n\n\n\n<p><strong>Notre Programme TOEFL :<\/strong><\/p>\n\n\n\n<p>Pr\u00e9parez-vous de mani\u00e8re efficace et adapt\u00e9e pour le test international <strong>TOEFL<\/strong> gr\u00e2ce \u00e0 la formation compl\u00e8te de <em>Premium Student Services<\/em> englobant divers modules originaux, et offrant des cours strat\u00e9giques dans les comp\u00e9tences suivantes :<\/p>\n\n\n\n<ul class=\"wp-block-list\">\n<li><strong>Listening<\/strong><\/li>\n\n\n\n<li><strong>Speaking<\/strong><\/li>\n\n\n\n<li><strong>Structure<\/strong><\/li>\n\n\n\n<li><strong>Reading<\/strong><\/li>\n\n\n\n<li><strong>Writing<\/strong><\/li>\n<\/ul>\n\n\n\n<p><strong>D\u00e9roulement du programme :<\/strong><\/p>\n\n\n\n<ul class=\"wp-block-list\">\n<li><strong>30 s\u00e9ances pr\u00e9pay\u00e9es :<\/strong> R\u00e9parties sur pr\u00e8s de 3 mois, chaque s\u00e9ance dure 2 heures. Au total, le programme de Premium Student Services offre une pr\u00e9paration solide de 60 heures.<\/li>\n<\/ul>\n\n\n\n<p><strong>Objectif de la formation TOEFL :<\/strong><\/p>\n\n\n\n<p>Le test <strong>TOEFL<\/strong> est <strong>reconnu<\/strong> par de nombreuses universit\u00e9s et grandes \u00e9coles anglophones, notamment aux \u00c9tats-Unis d&#8217;Am\u00e9rique, au Canada, dans les pays du Golfe, et bien d&#8217;autres.<\/p>\n\n\n\n<p>En choisissant le programme de pr\u00e9paration de <em>Premium Student Services<\/em>, vous augmentez consid\u00e9rablement vos chances de vous faire accepter par des institutions internationales reconnues, et ainsi vous faciliter l&#8217;octroi de votre visa.<\/p>\n\n\n\n<p><strong>Rejoignez-nous d\u00e8s aujourd&#8217;hui :<\/strong><\/p>\n\n\n\n<p>Ne laissez pas l&#8217;opportunit\u00e9 de ma\u00eetriser l&#8217;anglais au niveau requis pour vos \u00e9tudes sup\u00e9rieures ou votre carri\u00e8re vous \u00e9chapper.<\/p>\n\n\n\n<p>Rejoignez-nous d\u00e8s aujourd&#8217;hui chez <em>Premium Student Services<\/em> pour acc\u00e9der \u00e0 une <strong>pr\u00e9paration<\/strong> de qualit\u00e9 au <strong>TOEFL<\/strong>, votre chemin vers le <strong>succ\u00e8s<\/strong>.<\/p>\n\n\n\n<p>Afin de vous <strong>inscrire<\/strong>, il vous suffit de remplir notre formulaire de <a href=\"https:\/\/www.pss.ma\/index.php\/contact\/\">contact<\/a> en ligne, d&#8217;appeler l&#8217;un des deux num\u00e9ros indiqu\u00e9s sur notre page d&#8217;<a href=\"https:\/\/www.pss.ma\/\">accueil<\/a> ou de vous rendre directement \u00e0 notre centre.<\/p>\n","protected":false},"excerpt":{"rendered":"<p>Bienvenue \u00e0 Premium Student Services, votre chemin vers la r\u00e9ussite au test TOEFL ! Notre Programme TOEFL : Pr\u00e9parez-vous de mani\u00e8re efficace et adapt\u00e9e pour le test international TOEFL gr\u00e2ce \u00e0 la formation compl\u00e8te de Premium Student Services englobant divers modules originaux, et offrant des cours strat\u00e9giques dans les comp\u00e9tences suivantes : D\u00e9roulement du programme [&hellip;]<\/p>\n","protected":false},"author":1,"featured_media":0,"parent":0,"menu_order":0,"comment_status":"closed","ping_status":"closed","template":"","meta":{"_seopress_robots_primary_cat":"","footnotes":""},"class_list":["post-89","page","type-page","status-publish","hentry"],"_links":{"self":[{"href":"https:\/\/www.pss.ma\/index.php\/wp-json\/wp\/v2\/pages\/89","targetHints":{"allow":["GET"]}}],"collection":[{"href":"https:\/\/www.pss.ma\/index.php\/wp-json\/wp\/v2\/pages"}],"about":[{"href":"https:\/\/www.pss.ma\/index.php\/wp-json\/wp\/v2\/types\/page"}],"author":[{"embeddable":true,"href":"https:\/\/www.pss.ma\/index.php\/wp-json\/wp\/v2\/users\/1"}],"replies":[{"embeddable":true,"href":"https:\/\/www.pss.ma\/index.php\/wp-json\/wp\/v2\/comments?post=89"}],"version-history":[{"count":0,"href":"https:\/\/www.pss.ma\/index.php\/wp-json\/wp\/v2\/pages\/89\/revisions"}],"wp:attachment":[{"href":"https:\/\/www.pss.ma\/index.php\/wp-json\/wp\/v2\/media?parent=89"}],"curies":[{"name":"wp","href":"https:\/\/api.w.org\/{rel}","templated":true}]}}