{"id":143,"date":"2023-04-30T20:06:19","date_gmt":"2023-04-30T18:06:19","guid":{"rendered":"https:\/\/www.pss.ma\/?page_id=143"},"modified":"2023-10-31T22:12:49","modified_gmt":"2023-10-31T21:12:49","slug":"presentation","status":"publish","type":"page","link":"https:\/\/www.pss.ma\/index.php\/presentation\/","title":{"rendered":"Pr\u00e9sentation"},"content":{"rendered":"\n<p>Bienvenue chez <em>Premium Student Services<\/em> : Votre Porte d\u2019Entr\u00e9e Vers un Avenir International !<\/p>\n\n\n\n<p>Premium Student Services s&#8217;engage \u00e0 vous offrir une exp\u00e9rience exceptionnelle pour r\u00e9aliser vos r\u00eaves d\u2019\u00e9tudes \u00e0 l\u2019\u00e9tranger. Nos services comprennent :<\/p>\n\n\n\n<p><strong>1. Inscription dans les Grandes \u00c9coles et Universit\u00e9s \u00c9trang\u00e8res<\/strong> :<\/p>\n\n\n\n<ul class=\"wp-block-list\">\n<li>Notre \u00e9quipe exp\u00e9riment\u00e9e s\u2019occupe de l\u2019ensemble du processus d\u2019inscription dans des institutions prestigieuses \u00e0 travers le monde, du <strong>Royaume-Uni<\/strong> aux <strong>\u00c9tats-Unis<\/strong>, en passant par le <strong>Japon<\/strong>, l\u2019<strong>Allemagne<\/strong> et bien d\u2019<strong>autres<\/strong>.<\/li>\n<\/ul>\n\n\n\n<p><strong>2. R\u00e9servation de Logement Universitaire \u00e0 l\u2019\u00c9tranger<\/strong> :<\/p>\n\n\n\n<ul class=\"wp-block-list\">\n<li>Ne vous inqui\u00e9tez pas de votre logement \u00e0 l\u2019\u00e9tranger. Premium Student Services r\u00e9serve et g\u00e8re les dossiers de logement pour vous, assurant un espace s\u00fbr et confortable sur le campus universitaire.<\/li>\n<\/ul>\n\n\n\n<p><strong>3. Bourses \u00c9trang\u00e8res<\/strong> :<\/p>\n\n\n\n<ul class=\"wp-block-list\">\n<li>Les \u00e9tudes \u00e0 l\u2019\u00e9tranger peuvent \u00eatre co\u00fbteuses, Premium Student Services vous aide \u00e0 trouver des bourses \u00e9trang\u00e8res pour all\u00e9ger le fardeau financier. <\/li>\n\n\n\n<li>Premium Student Services traite les dossiers de bourses afin de vous permettre de poursuivre vos \u00e9tudes en toute tranquillit\u00e9 d&#8217;esprit financi\u00e8re.<\/li>\n<\/ul>\n\n\n\n<p><strong>4. Accompagnement Visa Complet<\/strong> :<\/p>\n\n\n\n<ul class=\"wp-block-list\">\n<li>Le processus de demande de visa peut \u00eatre intimidant ! L&#8217;\u00e9quipe comp\u00e9tente de Premium Student Services vous guide \u00e0 chaque \u00e9tape du processus de demande de Visa, depuis la pr\u00e9paration de la documentation jusqu\u2019\u00e0 l\u2019entretien consulaire.<\/li>\n<\/ul>\n\n\n\n<p>Chez <em>Premium Student Services<\/em>, nous sommes d\u00e9termin\u00e9s \u00e0 transformer vos r\u00eaves en r\u00e9alit\u00e9. Nous vous offrons une assistance de qualit\u00e9 sup\u00e9rieure pour vous permettre de poursuivre vos \u00e9tudes dans des institutions renomm\u00e9es partout dans le monde. Rejoignez-nous et faites le premier pas vers un avenir international brillant ! Votre succ\u00e8s commence ici.<\/p>\n\n\n\n<p>Pr\u00eats pour construire une belle carri\u00e8re \u00e0 l\u2019\u00e9tranger ? Afin d\u2019entamer la proc\u00e9dure de construction de dossier et l\u2019inscription aux \u00e9tablissements souhait\u00e9s \u00e0 l\u2019\u00e9tranger, veuillez vous rendre sur l\u2019onglet \u201c<a href=\"https:\/\/www.pss.ma\/index.php\/inscription\/\"><strong>Inscription<\/strong><\/a>\u201c.<\/p>\n\n\n\n<p>Premium Student Services est l\u00e0 pour vous guider \u00e0 chaque \u00e9tape du chemin vers une \u00e9ducation internationale de haute qualit\u00e9.<\/p>\n","protected":false},"excerpt":{"rendered":"<p>Bienvenue chez Premium Student Services : Votre Porte d\u2019Entr\u00e9e Vers un Avenir International ! Premium Student Services s&#8217;engage \u00e0 vous offrir une exp\u00e9rience exceptionnelle pour r\u00e9aliser vos r\u00eaves d\u2019\u00e9tudes \u00e0 l\u2019\u00e9tranger. Nos services comprennent : 1. Inscription dans les Grandes \u00c9coles et Universit\u00e9s \u00c9trang\u00e8res : 2. R\u00e9servation de Logement Universitaire \u00e0 l\u2019\u00c9tranger : 3. Bourses [&hellip;]<\/p>\n","protected":false},"author":1,"featured_media":0,"parent":0,"menu_order":0,"comment_status":"closed","ping_status":"closed","template":"","meta":{"_seopress_robots_primary_cat":"","footnotes":""},"class_list":["post-143","page","type-page","status-publish","hentry"],"_links":{"self":[{"href":"https:\/\/www.pss.ma\/index.php\/wp-json\/wp\/v2\/pages\/143","targetHints":{"allow":["GET"]}}],"collection":[{"href":"https:\/\/www.pss.ma\/index.php\/wp-json\/wp\/v2\/pages"}],"about":[{"href":"https:\/\/www.pss.ma\/index.php\/wp-json\/wp\/v2\/types\/page"}],"author":[{"embeddable":true,"href":"https:\/\/www.pss.ma\/index.php\/wp-json\/wp\/v2\/users\/1"}],"replies":[{"embeddable":true,"href":"https:\/\/www.pss.ma\/index.php\/wp-json\/wp\/v2\/comments?post=143"}],"version-history":[{"count":0,"href":"https:\/\/www.pss.ma\/index.php\/wp-json\/wp\/v2\/pages\/143\/revisions"}],"wp:attachment":[{"href":"https:\/\/www.pss.ma\/index.php\/wp-json\/wp\/v2\/media?parent=143"}],"curies":[{"name":"wp","href":"https:\/\/api.w.org\/{rel}","templated":true}]}}